{"id":10,"date":"2018-10-05T22:15:27","date_gmt":"2018-10-05T20:15:27","guid":{"rendered":"http:\/\/sattrastal.se\/arko\/?page_id=10"},"modified":"2025-10-07T11:46:51","modified_gmt":"2025-10-07T09:46:51","slug":"hitta-hit","status":"publish","type":"page","link":"https:\/\/sattrastal.se\/arko\/?page_id=10","title":{"rendered":"Hitta hit"},"content":{"rendered":"\n<p>Vi finns vid norra infarten (fr\u00e5n v\u00e4g 76) till Hallstavik, alldeles efter 50-skylten, snett mitt emot OKQ8-macken i Sk\u00e4rsta.<\/p>\n\n\n\n<p>Adress:<br>\nARKO Arell-Korpi AB<br>\nNorra Uppsalav\u00e4gen 70<br>\n763 30 Hallstavik<\/p>\n\n\n\n<p>Telefon: 070-607 66 94<br>\nE-post: <a href=\"mailto:info@kapell.nu\">info@kapell.nu<\/a><\/p>\n\n\n\n<h4 class=\"wp-block-heading\">GPS-koordinater<\/h4>\n\n\n\n<p>WGS 84 decimal (lat, long): <strong>60.04861, 18.57446<\/strong><\/p>\n\n\n\n<h3 class=\"wp-block-heading\">Google Maps<\/h3>\n\n\n\n<p><a href=\"https:\/\/maps.app.goo.gl\/tdzJtLUBiQ86SLNF8\">https:\/\/maps.app.goo.gl\/tdzJtLUBiQ86SLNF8<\/a><\/p>\n\n\n\n<p><iframe loading=\"lazy\" src=\"https:\/\/maps.google.se\/maps?f=q&amp;source=embed&amp;hl=sv&amp;geocode=&amp;q=S%C3%A4ttra+St%C3%A5lmekaniska+AB,+Uppsalav%C3%A4gen+69,+Hallstavik&amp;aq=&amp;sll=60.047598,18.569286&amp;sspn=0.03544,0.077162&amp;t=h&amp;ie=UTF8&amp;hq=S%C3%A4ttra+St%C3%A5lmekaniska+AB,&amp;hnear=Uppsalav%C3%A4gen+69,+763+30+Hallstavik&amp;layer=c&amp;cbll=60.048579,18.575429&amp;panoid=OwlZIvs_yloWnBCocKeOVg&amp;cbp=13,269.22,,0,0&amp;ll=60.0412,18.574448&amp;spn=0.013459,0.048237&amp;z=14&amp;output=svembed\" width=\"500\" height=\"314\" frameborder=\"0\" marginwidth=\"0\" marginheight=\"0\" scrolling=\"no\"><\/iframe><br>\n<small><a style=\"color: #0000ff; text-align: left;\" href=\"https:\/\/maps.google.se\/maps?f=q&amp;source=embed&amp;hl=sv&amp;geocode=&amp;q=S%C3%A4ttra+St%C3%A5lmekaniska+AB,+Uppsalav%C3%A4gen+69,+Hallstavik&amp;aq=&amp;sll=60.047598,18.569286&amp;sspn=0.03544,0.077162&amp;t=h&amp;ie=UTF8&amp;hq=S%C3%A4ttra+St%C3%A5lmekaniska+AB,&amp;hnear=Uppsalav%C3%A4gen+69,+763+30+Hallstavik&amp;layer=c&amp;cbll=60.048579,18.575429&amp;panoid=OwlZIvs_yloWnBCocKeOVg&amp;cbp=13,269.22,,0,0&amp;ll=60.0412,18.574448&amp;spn=0.013459,0.048237&amp;z=14\">Visa st\u00f6rre karta<\/a><\/small><\/p>\n","protected":false},"excerpt":{"rendered":"<p>Vi finns vid norra infarten (fr\u00e5n v\u00e4g 76) till Hallstavik, alldeles efter 50-skylten, snett mitt emot OKQ8-macken i Sk\u00e4rsta. Adress: ARKO Arell-Korpi AB Norra Uppsalav\u00e4gen 70 763 30 Hallstavik Telefon: 070-607 66 94 E-post: info@kapell.nu GPS-koordinater WGS 84 decimal (lat, long): 60.04861, 18.57446 Google Maps https:\/\/maps.app.goo.gl\/tdzJtLUBiQ86SLNF8 Visa st\u00f6rre karta<\/p>\n","protected":false},"author":1,"featured_media":107,"parent":0,"menu_order":4,"comment_status":"closed","ping_status":"closed","template":"","meta":{"footnotes":""},"class_list":["post-10","page","type-page","status-publish","has-post-thumbnail","hentry"],"_links":{"self":[{"href":"https:\/\/sattrastal.se\/arko\/index.php?rest_route=\/wp\/v2\/pages\/10","targetHints":{"allow":["GET"]}}],"collection":[{"href":"https:\/\/sattrastal.se\/arko\/index.php?rest_route=\/wp\/v2\/pages"}],"about":[{"href":"https:\/\/sattrastal.se\/arko\/index.php?rest_route=\/wp\/v2\/types\/page"}],"author":[{"embeddable":true,"href":"https:\/\/sattrastal.se\/arko\/index.php?rest_route=\/wp\/v2\/users\/1"}],"replies":[{"embeddable":true,"href":"https:\/\/sattrastal.se\/arko\/index.php?rest_route=%2Fwp%2Fv2%2Fcomments&post=10"}],"version-history":[{"count":8,"href":"https:\/\/sattrastal.se\/arko\/index.php?rest_route=\/wp\/v2\/pages\/10\/revisions"}],"predecessor-version":[{"id":183,"href":"https:\/\/sattrastal.se\/arko\/index.php?rest_route=\/wp\/v2\/pages\/10\/revisions\/183"}],"wp:featuredmedia":[{"embeddable":true,"href":"https:\/\/sattrastal.se\/arko\/index.php?rest_route=\/wp\/v2\/media\/107"}],"wp:attachment":[{"href":"https:\/\/sattrastal.se\/arko\/index.php?rest_route=%2Fwp%2Fv2%2Fmedia&parent=10"}],"curies":[{"name":"wp","href":"https:\/\/api.w.org\/{rel}","templated":true}]}}