{"id":12,"date":"2018-10-05T22:15:27","date_gmt":"2018-10-05T20:15:27","guid":{"rendered":"http:\/\/sattrastal.se\/arko\/?page_id=12"},"modified":"2018-10-06T11:49:07","modified_gmt":"2018-10-06T09:49:07","slug":"en-hemsides-sektion","status":"publish","type":"page","link":"https:\/\/sattrastal.se\/arko\/?page_id=12","title":{"rendered":"Sk\u00f6tselr\u00e5d"},"content":{"rendered":"<p>Det \u00e4r f\u00f6rv\u00e5nansv\u00e4rt l\u00e4tt att underh\u00e5lla\/sk\u00f6ta Sunbrellatyger, och spill kan f\u00f6r det mesta tas bort med mild tv\u00e5l och vatten. F\u00f6r tuffare fl\u00e4ckar kan blekmedel anv\u00e4ndas utan r\u00e4dsla f\u00f6r att man ska skada tyget eller ta bort f\u00e4rgen.<\/p>\n<p>Ett av de b\u00e4sta s\u00e4tten att h\u00e5lla Sunbrellatyger vackra och slippa grundlig eller intr\u00e4ngande reng\u00f6ring s\u00e5 ofta \u00e4r att underh\u00e5lla tygerna ordentligt. Det sker genom att helt enkelt torka bort smuts innan den hinner tr\u00e4nga in tyget, torka bort spill omedelbart och ta bort fl\u00e4ckar s\u00e5 fort som m\u00f6jligt.<\/p>\n<h3>Allm\u00e4n eller l\u00e4tt reng\u00f6ring<\/h3>\n<ul>\n<li>Borsta bort eventuell l\u00f6s smuts.<\/li>\n<\/ul>\n<h4>Handtv\u00e4tta p\u00e5 f\u00f6ljande s\u00e4tt:<\/h4>\n<ul>\n<li>Blanda ihop en reng\u00f6ringsl\u00f6sning med 60 ml mild tv\u00e5l och 4 l ljummet vatten (h\u00f6gst 40\u00b0C).<\/li>\n<li>Reng\u00f6r med en mjuk borste och l\u00e5t tv\u00e5ll\u00f6sningen tr\u00e4nga in i tyget.<\/li>\n<li>Sk\u00f6lj noga och l\u00e5t tyget lufttorka.<\/li>\n<\/ul>\n<h3>Grundligare reng\u00f6ring\u00a0f\u00f6r sv\u00e5ra fl\u00e4ckar och m\u00f6gel<\/h3>\n<p>Sunbrellatyg motverkar m\u00f6gelp\u00e5v\u00e4xt, men m\u00f6gel kan d\u00e4remot v\u00e4xa p\u00e5 smuts och andra fr\u00e4mmande \u00e4mnen som inte tas bort fr\u00e5n tyget. F\u00f6r att ta bort m\u00f6gel eller andra sv\u00e5ra fl\u00e4ckar:<\/p>\n<ul>\n<li>Blanda ihop 240 ml blekmedel och 60 ml mild tv\u00e5l med 4 l rent vatten. Spreja l\u00f6sningen \u00f6ver hela ytan och l\u00e5t den tr\u00e4nga in i tyget.<\/li>\n<li>Skrubba h\u00e5rt med en mjuk borste, sk\u00f6lj noga och l\u00e5t tyget lufttorka.<\/li>\n<\/ul>\n<p>Vid sv\u00e5ra fl\u00e4ckar och\/eller m\u00f6gel kan mer blekmedel anv\u00e4ndas. Efter den grundligare reng\u00f6ringen med blekmedel s\u00e5 beh\u00f6ver tyget impregneras.<\/p>\n<h3>Underh\u00e5ll av v\u00e4ven<\/h3>\n<p>Sunbrellav\u00e4var har sedan produktion en vattenavst\u00f6tande effekt som varar i m\u00e5nga \u00e5r vid normal anv\u00e4ndning och som vid behov kan \u00e5terst\u00e4llas med enkel impregnering.<\/p>\n<p>En behandling med denna produkt f\u00f6rhindrar l\u00e4ckor, motverkar smuts och skyddar mot solens skadliga UV-str\u00e5lar. F\u00f6r mer information om v\u00e5ra underh\u00e5llsprodukter, bes\u00f6k <a href=\"http:\/\/www.dickson-constant.com\/\" target=\"_blank\" rel=\"noopener\">www.dickson-constant.com<\/a>.<\/p>\n","protected":false},"excerpt":{"rendered":"<p>Det \u00e4r f\u00f6rv\u00e5nansv\u00e4rt l\u00e4tt att underh\u00e5lla\/sk\u00f6ta Sunbrellatyger, och spill kan f\u00f6r det mesta tas bort med mild tv\u00e5l och vatten. F\u00f6r tuffare fl\u00e4ckar kan blekmedel anv\u00e4ndas utan r\u00e4dsla f\u00f6r att man ska skada tyget eller ta bort f\u00e4rgen. Ett av de b\u00e4sta s\u00e4tten att h\u00e5lla Sunbrellatyger vackra och slippa grundlig eller intr\u00e4ngande reng\u00f6ring s\u00e5 ofta &hellip; <\/p>\n<p class=\"link-more\"><a href=\"https:\/\/sattrastal.se\/arko\/?page_id=12\" class=\"more-link\">Forts\u00e4tt l\u00e4sa<span class=\"screen-reader-text\"> \u201dSk\u00f6tselr\u00e5d\u201d<\/span><\/a><\/p>\n","protected":false},"author":1,"featured_media":48,"parent":0,"menu_order":3,"comment_status":"closed","ping_status":"closed","template":"","meta":{"footnotes":""},"class_list":["post-12","page","type-page","status-publish","has-post-thumbnail","hentry"],"_links":{"self":[{"href":"https:\/\/sattrastal.se\/arko\/index.php?rest_route=\/wp\/v2\/pages\/12","targetHints":{"allow":["GET"]}}],"collection":[{"href":"https:\/\/sattrastal.se\/arko\/index.php?rest_route=\/wp\/v2\/pages"}],"about":[{"href":"https:\/\/sattrastal.se\/arko\/index.php?rest_route=\/wp\/v2\/types\/page"}],"author":[{"embeddable":true,"href":"https:\/\/sattrastal.se\/arko\/index.php?rest_route=\/wp\/v2\/users\/1"}],"replies":[{"embeddable":true,"href":"https:\/\/sattrastal.se\/arko\/index.php?rest_route=%2Fwp%2Fv2%2Fcomments&post=12"}],"version-history":[{"count":3,"href":"https:\/\/sattrastal.se\/arko\/index.php?rest_route=\/wp\/v2\/pages\/12\/revisions"}],"predecessor-version":[{"id":82,"href":"https:\/\/sattrastal.se\/arko\/index.php?rest_route=\/wp\/v2\/pages\/12\/revisions\/82"}],"wp:featuredmedia":[{"embeddable":true,"href":"https:\/\/sattrastal.se\/arko\/index.php?rest_route=\/wp\/v2\/media\/48"}],"wp:attachment":[{"href":"https:\/\/sattrastal.se\/arko\/index.php?rest_route=%2Fwp%2Fv2%2Fmedia&parent=12"}],"curies":[{"name":"wp","href":"https:\/\/api.w.org\/{rel}","templated":true}]}}