{"id":8,"date":"2018-10-05T22:15:27","date_gmt":"2018-10-05T20:15:27","guid":{"rendered":"http:\/\/sattrastal.se\/arko\/?page_id=8"},"modified":"2025-10-07T11:35:56","modified_gmt":"2025-10-07T09:35:56","slug":"startsida","status":"publish","type":"page","link":"https:\/\/sattrastal.se\/arko\/","title":{"rendered":"ARKO Arell-Korpi AB"},"content":{"rendered":"\n<h1 class=\"wp-block-heading\">Vi syr och reparerar kapell<\/h1>\n\n\n\n<blockquote class=\"wp-block-quote is-layout-flow wp-block-quote-is-layout-flow\">\n<p>Beh\u00f6ver din b\u00e5t eller lastbil ett nytt kapell? Eller kanske dynorna beh\u00f6ver fr\u00e4schas till? Ett nytt blixtl\u00e5s till kapell\u00f6ppningen? \u00c4r ditt b\u00e5tkapell smutsigt och beh\u00f6ver tv\u00e4ttas?<\/p>\n<\/blockquote>\n\n\n\n<p><strong>Kontakta oss s\u00e5 fixar vi det.&nbsp;Ring Laila p\u00e5 070-607 66 94<\/strong><br>Vi har b\u00e5de nytillverkning och reparation av b\u00e5tkapell, sprayhoods, dynor och stolar samt omkl\u00e4dsel av dynor och stolar. Du \u00e4r ocks\u00e5 v\u00e4lkommen att fr\u00e5ga oss om pris p\u00e5 andra typer av specialbest\u00e4llningar&nbsp;som&nbsp;skydd f\u00f6r badtunnan, t\u00e4ckning till tr\u00e4dg\u00e5rdsm\u00f6beln, k\u00e5pa till gasolgrillen, vindskydd f\u00f6r brygg- eller balkongr\u00e4cket eller n\u00e5got annat.<\/p>\n\n\n\n<p>Vi handtv\u00e4ttar och impregnerar ocks\u00e5 b\u00e5tkapell &#8211; l\u00e4s mer om v\u00e5ra metoder och rekommendation till dig under <a href=\"https:\/\/sattrastal.se\/arko\/?page_id=12\">sk\u00f6tselr\u00e5d<\/a>.<\/p>\n\n\n\n<p>Vi fixar ditt akterkapell, hamnkapell, k\u00f6rkapell, sprayhood, bomkapell, biminitop, skyddskapell m.fl. Med r\u00e4tt kapell blir b\u00e5ts\u00e4songen l\u00e5ng och du kan nyttja och njuta av b\u00e5de v\u00e5r och h\u00f6st till sj\u00f6ss.<\/p>\n","protected":false},"excerpt":{"rendered":"<p>Vi syr och reparerar kapell Beh\u00f6ver din b\u00e5t eller lastbil ett nytt kapell? Eller kanske dynorna beh\u00f6ver fr\u00e4schas till? Ett nytt blixtl\u00e5s till kapell\u00f6ppningen? \u00c4r ditt b\u00e5tkapell smutsigt och beh\u00f6ver tv\u00e4ttas? Kontakta oss s\u00e5 fixar vi det.&nbsp;Ring Laila p\u00e5 070-607 66 94Vi har b\u00e5de nytillverkning och reparation av b\u00e5tkapell, sprayhoods, dynor och stolar samt omkl\u00e4dsel &hellip; <\/p>\n<p class=\"link-more\"><a href=\"https:\/\/sattrastal.se\/arko\/\" class=\"more-link\">Forts\u00e4tt l\u00e4sa<span class=\"screen-reader-text\"> \u201dARKO Arell-Korpi AB\u201d<\/span><\/a><\/p>\n","protected":false},"author":1,"featured_media":0,"parent":0,"menu_order":1,"comment_status":"closed","ping_status":"closed","template":"","meta":{"footnotes":""},"class_list":["post-8","page","type-page","status-publish","hentry"],"_links":{"self":[{"href":"https:\/\/sattrastal.se\/arko\/index.php?rest_route=\/wp\/v2\/pages\/8","targetHints":{"allow":["GET"]}}],"collection":[{"href":"https:\/\/sattrastal.se\/arko\/index.php?rest_route=\/wp\/v2\/pages"}],"about":[{"href":"https:\/\/sattrastal.se\/arko\/index.php?rest_route=\/wp\/v2\/types\/page"}],"author":[{"embeddable":true,"href":"https:\/\/sattrastal.se\/arko\/index.php?rest_route=\/wp\/v2\/users\/1"}],"replies":[{"embeddable":true,"href":"https:\/\/sattrastal.se\/arko\/index.php?rest_route=%2Fwp%2Fv2%2Fcomments&post=8"}],"version-history":[{"count":14,"href":"https:\/\/sattrastal.se\/arko\/index.php?rest_route=\/wp\/v2\/pages\/8\/revisions"}],"predecessor-version":[{"id":178,"href":"https:\/\/sattrastal.se\/arko\/index.php?rest_route=\/wp\/v2\/pages\/8\/revisions\/178"}],"wp:attachment":[{"href":"https:\/\/sattrastal.se\/arko\/index.php?rest_route=%2Fwp%2Fv2%2Fmedia&parent=8"}],"curies":[{"name":"wp","href":"https:\/\/api.w.org\/{rel}","templated":true}]}}