{"id":8,"date":"2018-10-05T23:14:37","date_gmt":"2018-10-05T21:14:37","guid":{"rendered":"http:\/\/sattrastal.se\/sattrastal\/?page_id=8"},"modified":"2025-10-07T11:54:46","modified_gmt":"2025-10-07T09:54:46","slug":"startsida","status":"publish","type":"page","link":"https:\/\/sattrastal.se\/sattrastal\/","title":{"rendered":"S\u00e4ttra St\u00e5lmekaniska AB"},"content":{"rendered":"\n<p>S\u00e4ttra St\u00e5lmekaniska AB tillverkar byggdetaljer i tunnpl\u00e5t till hantverkare, pl\u00e5tslagare och byggvaruhus.&nbsp;Bland v\u00e5ra produkter hittar du vindskivor, f\u00f6nsterbleck, tr\u00f6skelbleck, fotpl\u00e5tar, nockar, brytbleck, midjepl\u00e5t, sn\u00f6rasskydd, r\u00e4nndal, vinkelpl\u00e5t mm. Cirka 150 modeller tillverkas allt som allt i verkstaden som standarddetaljer. D\u00e4rut\u00f6ver kan kunderna specialbest\u00e4lla i andra m\u00e5tt och utf\u00f6randen.&nbsp;Kontakta oss f\u00f6r mer information och offert.<\/p>\n\n\n\n<p>Vi jobbar i galvad pl\u00e5t (max 1,25 mm) och i lackad pl\u00e5t d\u00e4r vi har vitt, svart, tegelr\u00f6tt, falur\u00f6tt och aluzink i lager. Fler f\u00e4rger finns att best\u00e4lla.<\/p>\n\n\n\n<p>En stor produkt hos oss \u00e4r v\u00e5r patenderade kl\u00e4mlist som \u00e5terf\u00f6rs\u00e4ljs via <a href=\"http:\/\/www.gyproc.se\/\" target=\"_blank\" rel=\"noopener\">Gyproc<\/a> i Danmark och Sverige.<\/p>\n\n\n\n<p>I Roslagen kan du hitta v\u00e5ra produkter hos bland annat&nbsp;<a href=\"http:\/\/www.beijerbygg.se\/Templates\/GoogleMapStore.aspx?id=97426\" target=\"_blank\" rel=\"noopener\">Beijer bygg Grisslehamn<\/a>,&nbsp;<a href=\"http:\/\/www.beijerbygg.se\/Templates\/GoogleMapStore.aspx?id=97431\" target=\"_blank\" rel=\"noopener\">Beijer bygg Norrt\u00e4lje<\/a>, <a href=\"http:\/\/www.hallstavikstra.se\/\" target=\"_blank\" rel=\"noopener\">Hallstaviks Tr\u00e4varuaff\u00e4r<\/a>, <a href=\"http:\/\/www.bolist.se\/graddo\/\" target=\"_blank\" rel=\"noopener\">Refsn\u00e4s S\u00e5g<\/a>&nbsp;och hos <a href=\"http:\/\/www.edebosag.se\/\" target=\"_blank\" rel=\"noopener\">Edebo S\u00e5g<\/a>.<\/p>\n","protected":false},"excerpt":{"rendered":"<p>S\u00e4ttra St\u00e5lmekaniska AB tillverkar byggdetaljer i tunnpl\u00e5t till hantverkare, pl\u00e5tslagare och byggvaruhus.&nbsp;Bland v\u00e5ra produkter hittar du vindskivor, f\u00f6nsterbleck, tr\u00f6skelbleck, fotpl\u00e5tar, nockar, brytbleck, midjepl\u00e5t, sn\u00f6rasskydd, r\u00e4nndal, vinkelpl\u00e5t mm. Cirka 150 modeller tillverkas allt som allt i verkstaden som standarddetaljer. D\u00e4rut\u00f6ver kan kunderna specialbest\u00e4lla i andra m\u00e5tt och utf\u00f6randen.&nbsp;Kontakta oss f\u00f6r mer information och offert. Vi jobbar &hellip; <\/p>\n<p class=\"link-more\"><a href=\"https:\/\/sattrastal.se\/sattrastal\/\" class=\"more-link\">Forts\u00e4tt l\u00e4sa<span class=\"screen-reader-text\"> \u201dS\u00e4ttra St\u00e5lmekaniska AB\u201d<\/span><\/a><\/p>\n","protected":false},"author":1,"featured_media":0,"parent":0,"menu_order":1,"comment_status":"closed","ping_status":"closed","template":"","meta":{"footnotes":""},"class_list":["post-8","page","type-page","status-publish","hentry"],"_links":{"self":[{"href":"https:\/\/sattrastal.se\/sattrastal\/index.php?rest_route=\/wp\/v2\/pages\/8","targetHints":{"allow":["GET"]}}],"collection":[{"href":"https:\/\/sattrastal.se\/sattrastal\/index.php?rest_route=\/wp\/v2\/pages"}],"about":[{"href":"https:\/\/sattrastal.se\/sattrastal\/index.php?rest_route=\/wp\/v2\/types\/page"}],"author":[{"embeddable":true,"href":"https:\/\/sattrastal.se\/sattrastal\/index.php?rest_route=\/wp\/v2\/users\/1"}],"replies":[{"embeddable":true,"href":"https:\/\/sattrastal.se\/sattrastal\/index.php?rest_route=%2Fwp%2Fv2%2Fcomments&post=8"}],"version-history":[{"count":8,"href":"https:\/\/sattrastal.se\/sattrastal\/index.php?rest_route=\/wp\/v2\/pages\/8\/revisions"}],"predecessor-version":[{"id":111,"href":"https:\/\/sattrastal.se\/sattrastal\/index.php?rest_route=\/wp\/v2\/pages\/8\/revisions\/111"}],"wp:attachment":[{"href":"https:\/\/sattrastal.se\/sattrastal\/index.php?rest_route=%2Fwp%2Fv2%2Fmedia&parent=8"}],"curies":[{"name":"wp","href":"https:\/\/api.w.org\/{rel}","templated":true}]}}